{"id":697,"date":"2025-06-27T22:20:39","date_gmt":"2025-06-27T20:20:39","guid":{"rendered":"https:\/\/servicios.mpuentealto.cl\/?page_id=697"},"modified":"2025-06-27T22:40:07","modified_gmt":"2025-06-27T20:40:07","slug":"centros-salud","status":"publish","type":"page","link":"https:\/\/servicios.mpuentealto.cl\/?page_id=697","title":{"rendered":"Centros de salud"},"content":{"rendered":"\t\t<div data-elementor-type=\"wp-page\" data-elementor-id=\"697\" class=\"elementor elementor-697\">\n\t\t\t\t\t\t<section class=\"elementor-section elementor-top-section elementor-element elementor-element-bf7058b elementor-section-boxed elementor-section-height-default elementor-section-height-default\" data-id=\"bf7058b\" data-element_type=\"section\" data-e-type=\"section\" data-settings=\"{&quot;jet_parallax_layout_list&quot;:[{&quot;jet_parallax_layout_image&quot;:{&quot;url&quot;:&quot;&quot;,&quot;id&quot;:&quot;&quot;,&quot;size&quot;:&quot;&quot;},&quot;_id&quot;:&quot;31bd1a5&quot;,&quot;jet_parallax_layout_image_tablet&quot;:{&quot;url&quot;:&quot;&quot;,&quot;id&quot;:&quot;&quot;,&quot;size&quot;:&quot;&quot;},&quot;jet_parallax_layout_image_mobile&quot;:{&quot;url&quot;:&quot;&quot;,&quot;id&quot;:&quot;&quot;,&quot;size&quot;:&quot;&quot;},&quot;jet_parallax_layout_speed&quot;:{&quot;unit&quot;:&quot;%&quot;,&quot;size&quot;:50,&quot;sizes&quot;:[]},&quot;jet_parallax_layout_type&quot;:&quot;scroll&quot;,&quot;jet_parallax_layout_direction&quot;:&quot;1&quot;,&quot;jet_parallax_layout_fx_direction&quot;:null,&quot;jet_parallax_layout_z_index&quot;:&quot;&quot;,&quot;jet_parallax_layout_bg_x&quot;:50,&quot;jet_parallax_layout_bg_x_tablet&quot;:&quot;&quot;,&quot;jet_parallax_layout_bg_x_mobile&quot;:&quot;&quot;,&quot;jet_parallax_layout_bg_y&quot;:50,&quot;jet_parallax_layout_bg_y_tablet&quot;:&quot;&quot;,&quot;jet_parallax_layout_bg_y_mobile&quot;:&quot;&quot;,&quot;jet_parallax_layout_bg_size&quot;:&quot;auto&quot;,&quot;jet_parallax_layout_bg_size_tablet&quot;:&quot;&quot;,&quot;jet_parallax_layout_bg_size_mobile&quot;:&quot;&quot;,&quot;jet_parallax_layout_animation_prop&quot;:&quot;transform&quot;,&quot;jet_parallax_layout_on&quot;:[&quot;desktop&quot;,&quot;tablet&quot;]}],&quot;background_background&quot;:&quot;gradient&quot;}\">\n\t\t\t\t\t\t\t<div class=\"elementor-background-overlay\"><\/div>\n\t\t\t\t\t\t\t<div class=\"elementor-container elementor-column-gap-no\">\n\t\t\t\t\t<div class=\"elementor-column elementor-col-100 elementor-top-column elementor-element elementor-element-457d37d\" data-id=\"457d37d\" data-element_type=\"column\" data-e-type=\"column\">\n\t\t\t<div class=\"elementor-widget-wrap elementor-element-populated\">\n\t\t\t\t\t\t<div class=\"elementor-element elementor-element-5d1c1da elementor-align-flex-start elementor-widget elementor-widget-raven-breadcrumbs\" data-id=\"5d1c1da\" data-element_type=\"widget\" data-e-type=\"widget\" data-widget_type=\"raven-breadcrumbs.default\">\n\t\t\t\t<div class=\"elementor-widget-container\">\n\t\t\t\t\t<div class=\"raven-breadcrumbs raven-breadcrumbs-default\"><div class=\"breadcrumb\">\t\t\t\t<div class=\"breadcrumb-item active\" aria-current=\"page\"><span>Home<\/span><\/div>\n\n\t\t\t\t<\/div><\/div>\t\t\t\t<\/div>\n\t\t\t\t<\/div>\n\t\t\t\t\t<\/div>\n\t\t<\/div>\n\t\t\t\t\t<\/div>\n\t\t<\/section>\n\t\t<div class=\"elementor-element elementor-element-4c34c93c e-flex e-con-boxed e-con e-parent\" data-id=\"4c34c93c\" data-element_type=\"container\" data-e-type=\"container\" data-settings=\"{&quot;background_background&quot;:&quot;classic&quot;,&quot;jet_parallax_layout_list&quot;:[]}\">\n\t\t\t\t\t<div class=\"e-con-inner\">\n\t\t<div class=\"elementor-element elementor-element-7440a024 e-con-full e-flex e-con e-child\" data-id=\"7440a024\" data-element_type=\"container\" data-e-type=\"container\" data-settings=\"{&quot;jet_parallax_layout_list&quot;:[]}\">\n\t\t\t\t<div class=\"elementor-element elementor-element-22efbf2 elementor-widget elementor-widget-html\" data-id=\"22efbf2\" data-element_type=\"widget\" data-e-type=\"widget\" data-widget_type=\"html.default\">\n\t\t\t\t<div class=\"elementor-widget-container\">\n\t\t\t\t\t<link rel=\"stylesheet\" href=\"https:\/\/cdn.jsdelivr.net\/npm\/bootstrap-icons@1.10.5\/font\/bootstrap-icons.css\">\n<table class=\"table table-bordered table-hover\">\n  <thead class=\"table-primary\">\n    <tr>\n      <th>Organismo<\/th>\n      <th>Fono<\/th>\n      <th>Ubicaci\u00f3n<\/th>\n    <\/tr>\n  <\/thead>\n  <tbody>\n    <tr>\n      <td>Farmacia Popular de Puente Alto<\/td>\n      <td><\/td>\n      <td>Balmaceda #265<\/td>\n    <\/tr>\n    <tr>\n      <td>COSAM \u2013 CEIF NORTE<\/td>\n      <td><a href=\"tel:227975495\"><i class=\"bi bi-telephone-fill me-1 text-primary\"><\/i>227975495<\/a><\/td>\n      <td>Av. Concha y Toro #2531<\/td>\n    <\/tr>\n    <tr>\n      <td>Centro de Salud Dr. Alejandro del R\u00edo<\/td>\n      <td><a href=\"tel:224854128\"><i class=\"bi bi-telephone-fill me-1 text-primary\"><\/i>224854128<\/a><\/td>\n      <td>Gandarillas #105<\/td>\n    <\/tr>\n    <tr>\n      <td>Centro de Salud Familiar Padre Manuel Villaseca<\/td>\n      <td><a href=\"tel:224854305\"><i class=\"bi bi-telephone-fill me-1 text-primary\"><\/i>224854305<\/a><\/td>\n      <td>Avda. Luis Matte Larra\u00edn #02312<\/td>\n    <\/tr>\n    <tr>\n      <td>Centro de Salud Familiar San Ger\u00f3nimo<\/td>\n      <td><a href=\"tel:224855700\"><i class=\"bi bi-telephone-fill me-1 text-primary\"><\/i>224855700<\/a><\/td>\n      <td>Avda. San Pedro #1203. San Ger\u00f3nimo<\/td>\n    <\/tr>\n    <tr>\n      <td>Centro de Salud Familiar Bernardo Leighton<\/td>\n      <td><a href=\"tel:224854259\"><i class=\"bi bi-telephone-fill me-1 text-primary\"><\/i>224854259<\/a><\/td>\n      <td>Miguel \u00c1ngel #1929<\/td>\n    <\/tr>\n    <tr>\n      <td>Centro de Salud Familiar Karol Wojtyla<\/td>\n      <td><a href=\"tel:224854560\"><i class=\"bi bi-telephone-fill me-1 text-primary\"><\/i>224854560<\/a><\/td>\n      <td>Curaco de V\u00e9lez #4110. Villa Pedro Lira<\/td>\n    <\/tr>\n    <tr>\n      <td>Centro de Salud Familiar Cardenal Ra\u00fal Silva Henr\u00edquez<\/td>\n      <td><a href=\"tel:224854202\"><i class=\"bi bi-telephone-fill me-1 text-primary\"><\/i>224854202<\/a><\/td>\n      <td>San Pedro (Ex Estaci\u00f3n el Canelo) #3345. Villa El Volc\u00e1n<\/td>\n    <\/tr>\n    <tr>\n      <td>Centro de Salud Familiar Laurita Vicu\u00f1a<\/td>\n      <td><a href=\"tel:224854608\"><i class=\"bi bi-telephone-fill me-1 text-primary\"><\/i>224854608<\/a><\/td>\n      <td>Ej\u00e9rcito Libertador #2433. Villa La Foresta<\/td>\n    <\/tr>\n    <tr>\n      <td>Centro de Salud Familiar Vista Hermosa<\/td>\n      <td><a href=\"tel:224855651\"><i class=\"bi bi-telephone-fill me-1 text-primary\"><\/i>224855651<\/a><\/td>\n      <td>Calle El Volc\u00e1n #04549, Villa San Alberto, Casas Viejas<\/td>\n    <\/tr>\n    <tr>\n      <td>Centro de Especialidades Primarias San L\u00e1zaro<\/td>\n      <td><a href=\"tel:224854446\"><i class=\"bi bi-telephone-fill me-1 text-primary\"><\/i>224854446<\/a><\/td>\n      <td>Sargento Menadier #1092, Puente Alto<\/td>\n    <\/tr>\n    <tr>\n      <td>Centro de Im\u00e1genes<\/td>\n      <td><a href=\"tel:227975486\"><i class=\"bi bi-telephone-fill me-1 text-primary\"><\/i>227975486<\/a><\/td>\n      <td>Manuel Rodr\u00edguez #144<\/td>\n    <\/tr>\n    <tr>\n      <td>COSAM \u2013 CEIF CENTRO<\/td>\n      <td><a href=\"tel:227975490\"><i class=\"bi bi-telephone-fill me-1 text-primary\"><\/i>227975490<\/a><\/td>\n      <td>Tocornal #70, Puente Alto<\/td>\n    <\/tr>\n    <tr>\n      <td>Laboratorio Comunal Puente Alto<\/td>\n      <td><a href=\"tel:224854436\"><i class=\"bi bi-telephone-fill me-1 text-primary\"><\/i>224854436<\/a><\/td>\n      <td>Sargento Menadier #1092<\/td>\n    <\/tr>\n  <\/tbody>\n<\/table>\n\t\t\t\t<\/div>\n\t\t\t\t<\/div>\n\t\t\t\t<div class=\"elementor-element elementor-element-eee6440 elementor-widget elementor-widget-html\" data-id=\"eee6440\" data-element_type=\"widget\" data-e-type=\"widget\" data-widget_type=\"html.default\">\n\t\t\t\t<div class=\"elementor-widget-container\">\n\t\t\t\t\t<link rel=\"stylesheet\" href=\"https:\/\/cdn.jsdelivr.net\/npm\/bootstrap@5.3.3\/dist\/css\/bootstrap.min.css\">\n<link rel=\"stylesheet\" href=\"https:\/\/cdn.jsdelivr.net\/npm\/bootstrap-icons@1.10.5\/font\/bootstrap-icons.css\">\n<div class=\"table-responsive\">\n  <table class=\"table table-bordered table-hover align-middle\">\n    <thead class=\"table-primary text-center\">\n      <tr>\n        <th>Organismo<\/th>\n        <th>Tipo<\/th>\n        <th>Fono<\/th>\n        <th>Sitio Web<\/th>\n        <th>Ubicaci\u00f3n<\/th>\n      <\/tr>\n    <\/thead>\n    <tbody>\n      <tr>\n        <td>Policenter<\/td>\n        <td>Centros M\u00e9dicos<\/td>\n        <td><a href=\"tel:223933000\"><i class=\"bi bi-telephone-fill me-1 text-primary\"><\/i>22 3933000<\/a><\/td>\n        <td><a href=\"http:\/\/www.policenter.cl\/\" target=\"_blank\">Enlace<\/a><\/td>\n        <td>21 de Mayo N\u00b0 0165<\/td>\n      <\/tr>\n      <tr>\n        <td>Mutual de seguridad Puente Alto<\/td>\n        <td>Centros M\u00e9dicos<\/td>\n        <td><a href=\"tel:224107400\"><i class=\"bi bi-telephone-fill me-1 text-primary\"><\/i>22 4107400<\/a><\/td>\n        <td><a href=\"http:\/\/www.mutual.cl\/\" target=\"_blank\">Enlace<\/a><\/td>\n        <td>Teniente Bello N\u00b0 66<\/td>\n      <\/tr>\n      <tr>\n        <td>Vida Integra<\/td>\n        <td>Centros M\u00e9dicos<\/td>\n        <td><a href=\"tel:224107400\"><i class=\"bi bi-telephone-fill me-1 text-primary\"><\/i>22 4107400<\/a><\/td>\n        <td><a href=\"http:\/\/www.vidaintegra.cl\/\" target=\"_blank\">Enlace<\/a><\/td>\n        <td>Ernesto Alvear N\u00b0 63<\/td>\n      <\/tr>\n      <tr>\n        <td>Integram\u00e9dica Puente Alto<\/td>\n        <td>Centros M\u00e9dicos<\/td>\n        <td><a href=\"tel:226207500\"><i class=\"bi bi-telephone-fill me-1 text-primary\"><\/i>22 6207500<\/a><\/td>\n        <td><a href=\"http:\/\/www.integramedica.cl\/\" target=\"_blank\">Enlace<\/a><\/td>\n        <td>Concha y Toro N\u00b0 26<\/td>\n      <\/tr>\n      <tr>\n        <td>Integram\u00e9dica Tobalaba<\/td>\n        <td>Centros M\u00e9dicos<\/td>\n        <td><a href=\"tel:224107400\"><i class=\"bi bi-telephone-fill me-1 text-primary\"><\/i>22 4107400<\/a><\/td>\n        <td><a href=\"http:\/\/www.integramedica.cl\/\" target=\"_blank\">Enlace<\/a><\/td>\n        <td>Av. Camilo Henr\u00edquez N\u00b0 3296<\/td>\n      <\/tr>\n      <tr>\n        <td>Hospital Josefina Mart\u00ednez<\/td>\n        <td>Hospital<\/td>\n        <td><a href=\"tel:227209000\"><i class=\"bi bi-telephone-fill me-1 text-primary\"><\/i>22 7209000<\/a><\/td>\n        <td><a href=\"http:\/\/www.hospitaljosefinamartinez.cl\/\" target=\"_blank\">Enlace<\/a><\/td>\n        <td>Av. Camilo Henr\u00edquez N\u00b0 3691<\/td>\n      <\/tr>\n      <tr>\n        <td>Medicenter<\/td>\n        <td>Centros M\u00e9dicos<\/td>\n        <td><a href=\"tel:224824500\"><i class=\"bi bi-telephone-fill me-1 text-primary\"><\/i>22 4824500<\/a><\/td>\n        <td><a href=\"http:\/\/www.medicenter.cl\/\" target=\"_blank\">Enlace<\/a><\/td>\n        <td>Concha y Toro N\u00b0 735<\/td>\n      <\/tr>\n      <tr>\n        <td>ACHS Puente Alto<\/td>\n        <td>Centros M\u00e9dicos<\/td>\n        <td><a href=\"tel:223478900\"><i class=\"bi bi-telephone-fill me-1 text-primary\"><\/i>22 3478900<\/a><\/td>\n        <td><a href=\"http:\/\/www.achs.cl\/\" target=\"_blank\">Enlace<\/a><\/td>\n        <td>Teniente Bello N\u00b0 135<\/td>\n      <\/tr>\n      <tr>\n        <td>Cl\u00ednica Astra<\/td>\n        <td>Cl\u00ednica<\/td>\n        <td><a href=\"tel:228722264\"><i class=\"bi bi-telephone-fill me-1 text-primary\"><\/i>228722264<\/a><\/td>\n        <td><a href=\"http:\/\/www.clinicaastra.cl\/\" target=\"_blank\">Enlace<\/a><\/td>\n        <td>Calle Tocornal N\u00b0 140<\/td>\n      <\/tr>\n      <tr>\n        <td>Megasalud<\/td>\n        <td>Centros M\u00e9dicos<\/td>\n        <td><a href=\"tel:223638400\"><i class=\"bi bi-telephone-fill me-1 text-primary\"><\/i>22 3638400<\/a><\/td>\n        <td><a href=\"http:\/\/www.megasalud.cl\/\" target=\"_blank\">Enlace<\/a><\/td>\n        <td>Concha y Toro N\u00b0 3779<\/td>\n      <\/tr>\n      <tr>\n        <td>Cl\u00ednica Psiqui\u00e1trica Raquel Gaete<\/td>\n        <td>Cl\u00ednica<\/td>\n        <td><a href=\"tel:228745804\"><i class=\"bi bi-telephone-fill me-1 text-primary\"><\/i>22 8745804<\/a><\/td>\n        <td>N\/P<\/td>\n        <td>Gabriela Oriente N\u00b0 02640<\/td>\n      <\/tr>\n    <\/tbody>\n  <\/table>\n<\/div>\n\t\t\t\t<\/div>\n\t\t\t\t<\/div>\n\t\t\t\t<\/div>\n\t\t<div class=\"elementor-element elementor-element-3ecfdb11 e-con-full e-flex e-con e-child\" data-id=\"3ecfdb11\" data-element_type=\"container\" data-e-type=\"container\" data-settings=\"{&quot;jet_parallax_layout_list&quot;:[]}\">\n\t\t\t\t<div class=\"elementor-element elementor-element-1c61c512 elementor-widget elementor-widget-sidebar\" data-id=\"1c61c512\" data-element_type=\"widget\" data-e-type=\"widget\" data-widget_type=\"sidebar.default\">\n\t\t\t\t<div class=\"elementor-widget-container\">\n\t\t\t\t\t<div id=\"search-2\" class=\"jupiterx-widget widget_search search-2 widget_search\"><div class=\"jupiterx-widget-content\"><form class=\"jupiterx-search-form form-inline\" method=\"get\" action=\"https:\/\/servicios.mpuentealto.cl\/\" role=\"search\"><input class=\"form-control\" type=\"search\" placeholder=\"Buscar\" value=\"\" name=\"s\"\/><button class=\"btn jupiterx-icon-search-1\"><\/button><\/form><\/div><\/div><div id=\"nav_menu-2\" class=\"jupiterx-widget widget_nav_menu nav_menu-2 widget_nav_menu\"><div class=\"jupiterx-widget-content\"><style >.jupiterx-widget-nav-menu-vertical > .menu-item{margin-bottom:px}<\/style><div class=\"menu-servicios-container\"><ul id=\"menu-servicios\" class=\"jupiterx-widget-nav-menu-vertical\"><li id=\"menu-item-742\" class=\"menu-item menu-item-type-post_type menu-item-object-page menu-item-home menu-item-742\"><a href=\"https:\/\/servicios.mpuentealto.cl\/\">Home<\/a><\/li>\n<li id=\"menu-item-740\" class=\"menu-item menu-item-type-post_type menu-item-object-page menu-item-740\"><a href=\"https:\/\/servicios.mpuentealto.cl\/?page_id=697\">Centros de salud<\/a><\/li>\n<li id=\"menu-item-741\" class=\"menu-item menu-item-type-post_type menu-item-object-page menu-item-741\"><a href=\"https:\/\/servicios.mpuentealto.cl\/?page_id=690\">Gu\u00eda de Tel\u00e9fonos<\/a><\/li>\n<\/ul><\/div><\/div><\/div>\t\t\t\t<\/div>\n\t\t\t\t<\/div>\n\t\t\t\t<\/div>\n\t\t\t\t\t<\/div>\n\t\t\t\t<\/div>\n\t\t\t\t<\/div>\n\t\t","protected":false},"excerpt":{"rendered":"<p>Home Organismo Fono Ubicaci\u00f3n Farmacia Popular de Puente Alto Balmaceda #265 COSAM \u2013 CEIF NORTE 227975495 Av. Concha y Toro #2531 Centro de Salud Dr. Alejandro del R\u00edo 224854128 Gandarillas #105 Centro de Salud Familiar Padre Manuel Villaseca 224854305 Avda. Luis Matte Larra\u00edn #02312 Centro de Salud Familiar San Ger\u00f3nimo 224855700 Avda. San Pedro #1203. [&hellip;]<\/p>\n","protected":false},"author":1,"featured_media":0,"parent":0,"menu_order":0,"comment_status":"closed","ping_status":"closed","template":"full-width.php","meta":{"_acf_changed":false,"footnotes":""},"class_list":["post-697","page","type-page","status-publish","hentry"],"acf":[],"_links":{"self":[{"href":"https:\/\/servicios.mpuentealto.cl\/index.php?rest_route=\/wp\/v2\/pages\/697","targetHints":{"allow":["GET"]}}],"collection":[{"href":"https:\/\/servicios.mpuentealto.cl\/index.php?rest_route=\/wp\/v2\/pages"}],"about":[{"href":"https:\/\/servicios.mpuentealto.cl\/index.php?rest_route=\/wp\/v2\/types\/page"}],"author":[{"embeddable":true,"href":"https:\/\/servicios.mpuentealto.cl\/index.php?rest_route=\/wp\/v2\/users\/1"}],"replies":[{"embeddable":true,"href":"https:\/\/servicios.mpuentealto.cl\/index.php?rest_route=%2Fwp%2Fv2%2Fcomments&post=697"}],"version-history":[{"count":28,"href":"https:\/\/servicios.mpuentealto.cl\/index.php?rest_route=\/wp\/v2\/pages\/697\/revisions"}],"predecessor-version":[{"id":748,"href":"https:\/\/servicios.mpuentealto.cl\/index.php?rest_route=\/wp\/v2\/pages\/697\/revisions\/748"}],"wp:attachment":[{"href":"https:\/\/servicios.mpuentealto.cl\/index.php?rest_route=%2Fwp%2Fv2%2Fmedia&parent=697"}],"curies":[{"name":"wp","href":"https:\/\/api.w.org\/{rel}","templated":true}]}}